{"id":36965,"date":"2023-01-29T16:19:02","date_gmt":"2023-01-29T16:19:02","guid":{"rendered":"https:\/\/karina-apartments.com\/bezienswaardigheden\/"},"modified":"2023-03-06T21:11:50","modified_gmt":"2023-03-06T21:11:50","slug":"bezienswaardigheden","status":"publish","type":"page","link":"https:\/\/karina-apartments.com\/nl\/bezienswaardigheden\/","title":{"rendered":"Bezienswaardigheden"},"content":{"rendered":"\t\t<div data-elementor-type=\"wp-page\" data-elementor-id=\"36965\" class=\"elementor elementor-36965 elementor-36554\">\n\t\t\t\t\t\t<section class=\"elementor-section elementor-top-section elementor-element elementor-element-a0e61de elementor-section-boxed elementor-section-height-default elementor-section-height-default\" data-id=\"a0e61de\" data-element_type=\"section\" data-e-type=\"section\">\n\t\t\t\t\t\t<div class=\"elementor-container elementor-column-gap-no\">\n\t\t\t\t\t<div class=\"elementor-column elementor-col-100 elementor-top-column elementor-element elementor-element-27861ea\" data-id=\"27861ea\" data-element_type=\"column\" data-e-type=\"column\">\n\t\t\t<div class=\"elementor-widget-wrap elementor-element-populated\">\n\t\t\t\t\t\t<div class=\"elementor-element elementor-element-80bacb8 elementor-invisible elementor-widget elementor-widget-heading\" data-id=\"80bacb8\" data-element_type=\"widget\" data-e-type=\"widget\" data-settings=\"{&quot;_animation&quot;:&quot;fadeIn&quot;,&quot;_animation_delay&quot;:200}\" data-widget_type=\"heading.default\">\n\t\t\t\t<div class=\"elementor-widget-container\">\n\t\t\t\t\t<h2 class=\"elementor-heading-title elementor-size-default\">Bezienswaardigheden<\/h2>\t\t\t\t<\/div>\n\t\t\t\t<\/div>\n\t\t\t\t<div class=\"elementor-element elementor-element-cbb156d elementor-widget elementor-widget-text-editor\" data-id=\"cbb156d\" data-element_type=\"widget\" data-e-type=\"widget\" data-widget_type=\"text-editor.default\">\n\t\t\t\t<div class=\"elementor-widget-container\">\n\t\t\t\t\t\t\t\t\tHet eiland Bra\u010d in Kroati\u00eb is beroemd om twee dingen: zijn witte steen en het Zlatni Rat strand. Met het witte steen van Bra\u010d is het paleis van Diocletianus in Split gebouwd \u00e9n het Witte Huis in Washington DC. Maar het allermooiste: Bra\u010d behoort met meer dan 2700 zonuren per jaar tot het zonnigste gebied van Kroati\u00eb. Bra\u010d is populair onder zonnebaders, maar ook vakantiegangers op zoek naar natuur. De goudgele stranden, de heldere blauwe zee en het aangename mediterraanse klimaat maakt het eiland geschikt voor strandliefhebbers.\n\t\t\t\t\t\t\t\t<\/div>\n\t\t\t\t<\/div>\n\t\t\t\t\t<\/div>\n\t\t<\/div>\n\t\t\t\t\t<\/div>\n\t\t<\/section>\n\t\t\t\t<section class=\"elementor-section elementor-top-section elementor-element elementor-element-b76aeeb elementor-section-boxed elementor-section-height-default elementor-section-height-default\" data-id=\"b76aeeb\" data-element_type=\"section\" data-e-type=\"section\" data-settings=\"{&quot;background_background&quot;:&quot;classic&quot;}\">\n\t\t\t\t\t\t<div class=\"elementor-container elementor-column-gap-no\">\n\t\t\t\t\t<div class=\"elementor-column elementor-col-50 elementor-top-column elementor-element elementor-element-741f275 elementor-invisible\" data-id=\"741f275\" data-element_type=\"column\" data-e-type=\"column\" data-settings=\"{&quot;animation&quot;:&quot;fadeIn&quot;,&quot;animation_delay&quot;:200}\">\n\t\t\t<div class=\"elementor-widget-wrap elementor-element-populated\">\n\t\t\t\t\t\t<div class=\"elementor-element elementor-element-c525a80 elementor-widget elementor-widget-image\" data-id=\"c525a80\" data-element_type=\"widget\" data-e-type=\"widget\" data-widget_type=\"image.default\">\n\t\t\t\t<div class=\"elementor-widget-container\">\n\t\t\t\t\t\t\t\t\t\t\t\t\t\t\t<img fetchpriority=\"high\" decoding=\"async\" width=\"418\" height=\"278\" src=\"https:\/\/karina-apartments.com\/wp-content\/uploads\/2023\/03\/Zlatni-Rat-Strand-hoofdstuk-omgeving.jpg\" class=\"attachment-large size-large wp-image-38070\" alt=\"\" srcset=\"https:\/\/karina-apartments.com\/wp-content\/uploads\/2023\/03\/Zlatni-Rat-Strand-hoofdstuk-omgeving.jpg 418w, https:\/\/karina-apartments.com\/wp-content\/uploads\/2023\/03\/Zlatni-Rat-Strand-hoofdstuk-omgeving-300x200.jpg 300w, https:\/\/karina-apartments.com\/wp-content\/uploads\/2023\/03\/Zlatni-Rat-Strand-hoofdstuk-omgeving-240x160.jpg 240w\" sizes=\"(max-width: 418px) 100vw, 418px\" \/>\t\t\t\t\t\t\t\t\t\t\t\t\t\t\t<\/div>\n\t\t\t\t<\/div>\n\t\t\t\t\t<\/div>\n\t\t<\/div>\n\t\t\t\t<div class=\"elementor-column elementor-col-50 elementor-top-column elementor-element elementor-element-d6a54d1 elementor-invisible\" data-id=\"d6a54d1\" data-element_type=\"column\" data-e-type=\"column\" data-settings=\"{&quot;animation&quot;:&quot;fadeIn&quot;,&quot;animation_delay&quot;:500}\">\n\t\t\t<div class=\"elementor-widget-wrap elementor-element-populated\">\n\t\t\t\t\t\t<div class=\"elementor-element elementor-element-eb6803c elementor-widget elementor-widget-heading\" data-id=\"eb6803c\" data-element_type=\"widget\" data-e-type=\"widget\" data-widget_type=\"heading.default\">\n\t\t\t\t<div class=\"elementor-widget-container\">\n\t\t\t\t\t<h1 class=\"elementor-heading-title elementor-size-default\">Het Zlatni Rat strand\n<\/h1>\t\t\t\t<\/div>\n\t\t\t\t<\/div>\n\t\t\t\t<div class=\"elementor-element elementor-element-91e03f1 elementor-widget elementor-widget-heading\" data-id=\"91e03f1\" data-element_type=\"widget\" data-e-type=\"widget\" data-widget_type=\"heading.default\">\n\t\t\t\t<div class=\"elementor-widget-container\">\n\t\t\t\t\t<p class=\"elementor-heading-title elementor-size-default\">De grootste trekpleister van het eiland is natuurlijk het bijzonder mooie strand van Zlatni Rat bij Bol. Het strand loopt in een soort traan, met in het midden een stuk bos. Aan beide kanten van het bos vind je een strook strand, waardoor je qua schaduw en zon mooi kan afwisselen.\n<\/p>\t\t\t\t<\/div>\n\t\t\t\t<\/div>\n\t\t\t\t\t<\/div>\n\t\t<\/div>\n\t\t\t\t\t<\/div>\n\t\t<\/section>\n\t\t\t\t<section class=\"elementor-section elementor-top-section elementor-element elementor-element-0e943d3 elementor-section-boxed elementor-section-height-default elementor-section-height-default\" data-id=\"0e943d3\" data-element_type=\"section\" data-e-type=\"section\" data-settings=\"{&quot;background_background&quot;:&quot;classic&quot;}\">\n\t\t\t\t\t\t<div class=\"elementor-container elementor-column-gap-no\">\n\t\t\t\t\t<div class=\"elementor-column elementor-col-50 elementor-top-column elementor-element elementor-element-57145e0 elementor-invisible\" data-id=\"57145e0\" data-element_type=\"column\" data-e-type=\"column\" data-settings=\"{&quot;animation&quot;:&quot;fadeIn&quot;,&quot;animation_delay&quot;:200}\">\n\t\t\t<div class=\"elementor-widget-wrap elementor-element-populated\">\n\t\t\t\t\t\t<div class=\"elementor-element elementor-element-80e37fb elementor-widget elementor-widget-image\" data-id=\"80e37fb\" data-element_type=\"widget\" data-e-type=\"widget\" data-widget_type=\"image.default\">\n\t\t\t\t<div class=\"elementor-widget-container\">\n\t\t\t\t\t\t\t\t\t\t\t\t\t\t\t<img decoding=\"async\" src=\"https:\/\/karina-apartments.com\/wp-content\/uploads\/elementor\/thumbs\/Vidova-Gora\u200b-q1dvaq18aleg6hloimiwf8ccoaxpc6z5bji6sshvfk.jpg\" title=\"Vidova Gora\u200b\" alt=\"Vidova Gora\u200b\" loading=\"lazy\" \/>\t\t\t\t\t\t\t\t\t\t\t\t\t\t\t<\/div>\n\t\t\t\t<\/div>\n\t\t\t\t\t<\/div>\n\t\t<\/div>\n\t\t\t\t<div class=\"elementor-column elementor-col-50 elementor-top-column elementor-element elementor-element-07c0928 elementor-invisible\" data-id=\"07c0928\" data-element_type=\"column\" data-e-type=\"column\" data-settings=\"{&quot;animation&quot;:&quot;fadeIn&quot;,&quot;animation_delay&quot;:500}\">\n\t\t\t<div class=\"elementor-widget-wrap elementor-element-populated\">\n\t\t\t\t\t\t<div class=\"elementor-element elementor-element-1d2f48b elementor-widget elementor-widget-heading\" data-id=\"1d2f48b\" data-element_type=\"widget\" data-e-type=\"widget\" data-widget_type=\"heading.default\">\n\t\t\t\t<div class=\"elementor-widget-container\">\n\t\t\t\t\t<h2 class=\"elementor-heading-title elementor-size-default\">Drakengrot<\/h2>\t\t\t\t<\/div>\n\t\t\t\t<\/div>\n\t\t\t\t<div class=\"elementor-element elementor-element-bf3b37c elementor-widget elementor-widget-heading\" data-id=\"bf3b37c\" data-element_type=\"widget\" data-e-type=\"widget\" data-widget_type=\"heading.default\">\n\t\t\t\t<div class=\"elementor-widget-container\">\n\t\t\t\t\t<p class=\"elementor-heading-title elementor-size-default\">Murvica is een van de kleinste dorpen op het eiland Bra\u010d en ligt niet ver van het prachtige zandstrand van Bol. Het dorp dateert uit de derde eeuw en in de vijftiende en zestiende eeuw woonden er monniken in de kloosters en grotten boven het dorp. Een van die grotten is de Drakengrot, de Zmajeva \u0160pilja. Via een herderspad klim je naar de top, waar je niet alleen een prachtig uitzicht hebt op Bra\u010d en de kust, maar ook de grot zelf kunt bekijken. De monnik die hier woonde kerfde een draak en andere bijzondere reli\u00ebfs in de rotsen. U kunt ook de resten van een kleine kapel zien en de woningen van de monniken die hier ooit woonden.\n<\/p>\t\t\t\t<\/div>\n\t\t\t\t<\/div>\n\t\t\t\t\t<\/div>\n\t\t<\/div>\n\t\t\t\t\t<\/div>\n\t\t<\/section>\n\t\t\t\t<section class=\"elementor-section elementor-top-section elementor-element elementor-element-069eed0 elementor-section-boxed elementor-section-height-default elementor-section-height-default\" data-id=\"069eed0\" data-element_type=\"section\" data-e-type=\"section\" data-settings=\"{&quot;background_background&quot;:&quot;classic&quot;}\">\n\t\t\t\t\t\t<div class=\"elementor-container elementor-column-gap-no\">\n\t\t\t\t\t<div class=\"elementor-column elementor-col-50 elementor-top-column elementor-element elementor-element-112e5db elementor-invisible\" data-id=\"112e5db\" data-element_type=\"column\" data-e-type=\"column\" data-settings=\"{&quot;animation&quot;:&quot;fadeIn&quot;,&quot;animation_delay&quot;:200}\">\n\t\t\t<div class=\"elementor-widget-wrap elementor-element-populated\">\n\t\t\t\t\t\t<div class=\"elementor-element elementor-element-4a622ab elementor-widget elementor-widget-image\" data-id=\"4a622ab\" data-element_type=\"widget\" data-e-type=\"widget\" data-widget_type=\"image.default\">\n\t\t\t\t<div class=\"elementor-widget-container\">\n\t\t\t\t\t\t\t\t\t\t\t\t\t\t\t<img decoding=\"async\" src=\"https:\/\/karina-apartments.com\/wp-content\/uploads\/elementor\/thumbs\/Vidova-Gora-hoofdstuk-omgeving-q2zkbs6ioe2zmbk7d6wyi0dqt21jdxu8ntpvmzqhcw.jpg\" title=\"Vidova Gora hoofdstuk omgeving\" alt=\"Vidova Gora hoofdstuk omgeving\" loading=\"lazy\" \/>\t\t\t\t\t\t\t\t\t\t\t\t\t\t\t<\/div>\n\t\t\t\t<\/div>\n\t\t\t\t\t<\/div>\n\t\t<\/div>\n\t\t\t\t<div class=\"elementor-column elementor-col-50 elementor-top-column elementor-element elementor-element-0dc37ee elementor-invisible\" data-id=\"0dc37ee\" data-element_type=\"column\" data-e-type=\"column\" data-settings=\"{&quot;animation&quot;:&quot;fadeIn&quot;,&quot;animation_delay&quot;:500}\">\n\t\t\t<div class=\"elementor-widget-wrap elementor-element-populated\">\n\t\t\t\t\t\t<div class=\"elementor-element elementor-element-4aa492e elementor-widget elementor-widget-heading\" data-id=\"4aa492e\" data-element_type=\"widget\" data-e-type=\"widget\" data-widget_type=\"heading.default\">\n\t\t\t\t<div class=\"elementor-widget-container\">\n\t\t\t\t\t<h2 class=\"elementor-heading-title elementor-size-default\">Vidova Gora<\/h2>\t\t\t\t<\/div>\n\t\t\t\t<\/div>\n\t\t\t\t<div class=\"elementor-element elementor-element-62a5ae4 elementor-widget elementor-widget-heading\" data-id=\"62a5ae4\" data-element_type=\"widget\" data-e-type=\"widget\" data-widget_type=\"heading.default\">\n\t\t\t\t<div class=\"elementor-widget-container\">\n\t\t\t\t\t<p class=\"elementor-heading-title elementor-size-default\">Vidova gora is een berg op het eiland Bra\u010d in Midden-Dalmati\u00eb. Met een hoogte van 778 meter is het de hoogste hoogte in de Adriatische Zee. De berg ligt op het zuidelijke deel van het eiland, niet ver van de stad Bol. Andere Dalmatische eilanden in de regio zijn vanaf de top te zien, waaronder Hvar. Het uitzicht is adembenemend. De beklimming van de berg vindt meestal plaats vanuit het toeristenoord Bol. Vanuit het noorden loopt een weg naar boven, waarlangs de top ook met voertuigen kan worden bereikt.\n<\/p>\t\t\t\t<\/div>\n\t\t\t\t<\/div>\n\t\t\t\t\t<\/div>\n\t\t<\/div>\n\t\t\t\t\t<\/div>\n\t\t<\/section>\n\t\t\t\t<section class=\"elementor-section elementor-top-section elementor-element elementor-element-18c3118 elementor-section-boxed elementor-section-height-default elementor-section-height-default\" data-id=\"18c3118\" data-element_type=\"section\" data-e-type=\"section\" data-settings=\"{&quot;background_background&quot;:&quot;classic&quot;}\">\n\t\t\t\t\t\t<div class=\"elementor-container elementor-column-gap-no\">\n\t\t\t\t\t<div class=\"elementor-column elementor-col-50 elementor-top-column elementor-element elementor-element-7383961 elementor-invisible\" data-id=\"7383961\" data-element_type=\"column\" data-e-type=\"column\" data-settings=\"{&quot;animation&quot;:&quot;fadeIn&quot;,&quot;animation_delay&quot;:200}\">\n\t\t\t<div class=\"elementor-widget-wrap elementor-element-populated\">\n\t\t\t\t\t\t<div class=\"elementor-element elementor-element-bb07fba elementor-widget elementor-widget-image\" data-id=\"bb07fba\" data-element_type=\"widget\" data-e-type=\"widget\" data-widget_type=\"image.default\">\n\t\t\t\t<div class=\"elementor-widget-container\">\n\t\t\t\t\t\t\t\t\t\t\t\t\t\t\t<img decoding=\"async\" src=\"https:\/\/karina-apartments.com\/wp-content\/uploads\/elementor\/thumbs\/auto-tour-q1dvan7pq3al7nprz3b0pr1yw5blp3nyb5jqcym1y8.jpg\" title=\"auto tour\" alt=\"auto tour\" loading=\"lazy\" \/>\t\t\t\t\t\t\t\t\t\t\t\t\t\t\t<\/div>\n\t\t\t\t<\/div>\n\t\t\t\t\t<\/div>\n\t\t<\/div>\n\t\t\t\t<div class=\"elementor-column elementor-col-50 elementor-top-column elementor-element elementor-element-f3ca44e elementor-invisible\" data-id=\"f3ca44e\" data-element_type=\"column\" data-e-type=\"column\" data-settings=\"{&quot;animation&quot;:&quot;fadeIn&quot;,&quot;animation_delay&quot;:500}\">\n\t\t\t<div class=\"elementor-widget-wrap elementor-element-populated\">\n\t\t\t\t\t\t<div class=\"elementor-element elementor-element-a9877d4 elementor-widget elementor-widget-heading\" data-id=\"a9877d4\" data-element_type=\"widget\" data-e-type=\"widget\" data-widget_type=\"heading.default\">\n\t\t\t\t<div class=\"elementor-widget-container\">\n\t\t\t\t\t<h2 class=\"elementor-heading-title elementor-size-default\">Touren met de auto\u2028\n<\/h2>\t\t\t\t<\/div>\n\t\t\t\t<\/div>\n\t\t\t\t<div class=\"elementor-element elementor-element-3b9144d elementor-widget elementor-widget-heading\" data-id=\"3b9144d\" data-element_type=\"widget\" data-e-type=\"widget\" data-widget_type=\"heading.default\">\n\t\t\t\t<div class=\"elementor-widget-container\">\n\t\t\t\t\t<p class=\"elementor-heading-title elementor-size-default\">Touren op het eiland is een van de leukste dingen om te doen. Het eiland is klein, overzichtelijk en er zijn tal van leuke stops. Het verkennen van Bra\u010d\u2018s stenen dorpen is een mooie ervaring. Het eiland heeft een aantal kleine dorpjes waarbij het lijkt alsof de tijd stil heeft gestaan. Een aantal leuke plaatsen: Supetar, Bol, Sutivan, Milna, Splitska, Postira en het oude monumentale dorpje Skrip.\n<\/p>\t\t\t\t<\/div>\n\t\t\t\t<\/div>\n\t\t\t\t\t<\/div>\n\t\t<\/div>\n\t\t\t\t\t<\/div>\n\t\t<\/section>\n\t\t\t\t<section class=\"elementor-section elementor-top-section elementor-element elementor-element-c32c7a6 elementor-section-boxed elementor-section-height-default elementor-section-height-default\" data-id=\"c32c7a6\" data-element_type=\"section\" data-e-type=\"section\" data-settings=\"{&quot;background_background&quot;:&quot;classic&quot;}\">\n\t\t\t\t\t\t<div class=\"elementor-container elementor-column-gap-no\">\n\t\t\t\t\t<div class=\"elementor-column elementor-col-50 elementor-top-column elementor-element elementor-element-419b233 elementor-invisible\" data-id=\"419b233\" data-element_type=\"column\" data-e-type=\"column\" data-settings=\"{&quot;animation&quot;:&quot;fadeIn&quot;,&quot;animation_delay&quot;:200}\">\n\t\t\t<div class=\"elementor-widget-wrap elementor-element-populated\">\n\t\t\t\t\t\t<div class=\"elementor-element elementor-element-2c804f5 elementor-widget elementor-widget-image\" data-id=\"2c804f5\" data-element_type=\"widget\" data-e-type=\"widget\" data-widget_type=\"image.default\">\n\t\t\t\t<div class=\"elementor-widget-container\">\n\t\t\t\t\t\t\t\t\t\t\t\t\t\t\t<img decoding=\"async\" src=\"https:\/\/karina-apartments.com\/wp-content\/uploads\/elementor\/thumbs\/Foto-hoofdstuk-omgeving-een-dagtrip-naar-het-vasteland-q2zjcuigo29c42b1d3a4ttqzzi8fax5duwu7irj8m8.jpg\" title=\"Foto hoofdstuk omgeving &#8216;een dagtrip naar het vasteland&#8217;\" alt=\"Foto hoofdstuk omgeving &#039;een dagtrip naar het vasteland&#039;\" loading=\"lazy\" \/>\t\t\t\t\t\t\t\t\t\t\t\t\t\t\t<\/div>\n\t\t\t\t<\/div>\n\t\t\t\t\t<\/div>\n\t\t<\/div>\n\t\t\t\t<div class=\"elementor-column elementor-col-50 elementor-top-column elementor-element elementor-element-e09134d elementor-invisible\" data-id=\"e09134d\" data-element_type=\"column\" data-e-type=\"column\" data-settings=\"{&quot;animation&quot;:&quot;fadeIn&quot;,&quot;animation_delay&quot;:500}\">\n\t\t\t<div class=\"elementor-widget-wrap elementor-element-populated\">\n\t\t\t\t\t\t<div class=\"elementor-element elementor-element-a79b854 elementor-widget elementor-widget-heading\" data-id=\"a79b854\" data-element_type=\"widget\" data-e-type=\"widget\" data-widget_type=\"heading.default\">\n\t\t\t\t<div class=\"elementor-widget-container\">\n\t\t\t\t\t<h2 class=\"elementor-heading-title elementor-size-default\">Een dagtrip naar het vastenland\n<\/h2>\t\t\t\t<\/div>\n\t\t\t\t<\/div>\n\t\t\t\t<div class=\"elementor-element elementor-element-e1c5314 elementor-widget elementor-widget-heading\" data-id=\"e1c5314\" data-element_type=\"widget\" data-e-type=\"widget\" data-widget_type=\"heading.default\">\n\t\t\t\t<div class=\"elementor-widget-container\">\n\t\t\t\t\t<p class=\"elementor-heading-title elementor-size-default\">Met de ferry ben je binnen 50 minuten weer terug op het vasteland in Split. Split is de grootste en belangrijkste stad in Dalmati\u00eb. De havenstad is gelegen op een klein schiereiland in de Adriatische Zee. Zin om een dagje te shoppen? Dan is het bezoeken van deze oude binnenstad de moeite waard.\n<\/p>\t\t\t\t<\/div>\n\t\t\t\t<\/div>\n\t\t\t\t\t<\/div>\n\t\t<\/div>\n\t\t\t\t\t<\/div>\n\t\t<\/section>\n\t\t\t\t<section class=\"elementor-section elementor-top-section elementor-element elementor-element-787603e elementor-section-boxed elementor-section-height-default elementor-section-height-default\" data-id=\"787603e\" data-element_type=\"section\" data-e-type=\"section\" data-settings=\"{&quot;background_background&quot;:&quot;classic&quot;}\">\n\t\t\t\t\t\t<div class=\"elementor-container elementor-column-gap-no\">\n\t\t\t\t\t<div class=\"elementor-column elementor-col-50 elementor-top-column elementor-element elementor-element-e0f17de elementor-invisible\" data-id=\"e0f17de\" data-element_type=\"column\" data-e-type=\"column\" data-settings=\"{&quot;animation&quot;:&quot;fadeIn&quot;,&quot;animation_delay&quot;:200}\">\n\t\t\t<div class=\"elementor-widget-wrap elementor-element-populated\">\n\t\t\t\t\t\t<div class=\"elementor-element elementor-element-7b0a83c elementor-widget elementor-widget-image\" data-id=\"7b0a83c\" data-element_type=\"widget\" data-e-type=\"widget\" data-widget_type=\"image.default\">\n\t\t\t\t<div class=\"elementor-widget-container\">\n\t\t\t\t\t\t\t\t\t\t\t\t\t\t\t<img decoding=\"async\" src=\"https:\/\/karina-apartments.com\/wp-content\/uploads\/elementor\/thumbs\/Hoofdstuk-omgeving-overige-activiteiten-q2zj3yxc4e3ugn79794za2ea0hzmltwnaz14cop3ds.jpg\" title=\"Hoofdstuk omgeving &#8216;overige activiteiten&#8217;\" alt=\"Hoofdstuk omgeving &#039;overige activiteiten&#039;\" loading=\"lazy\" \/>\t\t\t\t\t\t\t\t\t\t\t\t\t\t\t<\/div>\n\t\t\t\t<\/div>\n\t\t\t\t\t<\/div>\n\t\t<\/div>\n\t\t\t\t<div class=\"elementor-column elementor-col-50 elementor-top-column elementor-element elementor-element-0914dae elementor-invisible\" data-id=\"0914dae\" data-element_type=\"column\" data-e-type=\"column\" data-settings=\"{&quot;animation&quot;:&quot;fadeIn&quot;,&quot;animation_delay&quot;:500}\">\n\t\t\t<div class=\"elementor-widget-wrap elementor-element-populated\">\n\t\t\t\t\t\t<div class=\"elementor-element elementor-element-b2b141c elementor-widget elementor-widget-heading\" data-id=\"b2b141c\" data-element_type=\"widget\" data-e-type=\"widget\" data-widget_type=\"heading.default\">\n\t\t\t\t<div class=\"elementor-widget-container\">\n\t\t\t\t\t<h2 class=\"elementor-heading-title elementor-size-default\">Overige activiteiten\n<\/h2>\t\t\t\t<\/div>\n\t\t\t\t<\/div>\n\t\t\t\t<div class=\"elementor-element elementor-element-a142c06 elementor-widget elementor-widget-heading\" data-id=\"a142c06\" data-element_type=\"widget\" data-e-type=\"widget\" data-widget_type=\"heading.default\">\n\t\t\t\t<div class=\"elementor-widget-container\">\n\t\t\t\t\t<p class=\"elementor-heading-title elementor-size-default\">U kunt op het eiland ook vele watersporten beoefenen, buggy's huren of een auto huren om over het eiland te toeren. Er zijn ook veel boottochten te boeken om van eiland naar eiland te hoppen. Al met al een geweldig gebied met veel verschillende bezienswaardigheden en activiteiten.<br><br>\nIn de stad Selca is er een olijfolieproeverij met de naam Brachia Olive Oil Experience. In Skrip is er een olijfolie museum dat u kunt bezoeken. In Bol is er een wijnhuis genaamd \"Stina winery bol\" waar u heerlijke lokale wijnen kunt proeven.\n\n<\/p>\t\t\t\t<\/div>\n\t\t\t\t<\/div>\n\t\t\t\t\t<\/div>\n\t\t<\/div>\n\t\t\t\t\t<\/div>\n\t\t<\/section>\n\t\t\t\t<\/div>\n\t\t","protected":false},"excerpt":{"rendered":"<p>Bezienswaardigheden Het eiland Bra\u010d in Kroati\u00eb is beroemd om twee dingen: zijn witte steen en het Zlatni Rat strand. Met het witte steen van Bra\u010d is het paleis van Diocletianus in Split gebouwd \u00e9n het Witte Huis in Washington DC. Maar het allermooiste: Bra\u010d behoort met meer dan 2700 zonuren per jaar tot het zonnigste &#8230;<\/p>\n","protected":false},"author":2,"featured_media":0,"parent":0,"menu_order":0,"comment_status":"closed","ping_status":"closed","template":"","meta":{"om_disable_all_campaigns":false,"inline_featured_image":false,"_monsterinsights_skip_tracking":false,"_monsterinsights_sitenote_active":false,"_monsterinsights_sitenote_note":"","_monsterinsights_sitenote_category":0,"footnotes":""},"class_list":["post-36965","page","type-page","status-publish","hentry"],"_links":{"self":[{"href":"https:\/\/karina-apartments.com\/nl\/wp-json\/wp\/v2\/pages\/36965","targetHints":{"allow":["GET"]}}],"collection":[{"href":"https:\/\/karina-apartments.com\/nl\/wp-json\/wp\/v2\/pages"}],"about":[{"href":"https:\/\/karina-apartments.com\/nl\/wp-json\/wp\/v2\/types\/page"}],"author":[{"embeddable":true,"href":"https:\/\/karina-apartments.com\/nl\/wp-json\/wp\/v2\/users\/2"}],"replies":[{"embeddable":true,"href":"https:\/\/karina-apartments.com\/nl\/wp-json\/wp\/v2\/comments?post=36965"}],"version-history":[{"count":15,"href":"https:\/\/karina-apartments.com\/nl\/wp-json\/wp\/v2\/pages\/36965\/revisions"}],"predecessor-version":[{"id":38194,"href":"https:\/\/karina-apartments.com\/nl\/wp-json\/wp\/v2\/pages\/36965\/revisions\/38194"}],"wp:attachment":[{"href":"https:\/\/karina-apartments.com\/nl\/wp-json\/wp\/v2\/media?parent=36965"}],"curies":[{"name":"wp","href":"https:\/\/api.w.org\/{rel}","templated":true}]}}