{"id":37480,"date":"2023-01-29T16:19:02","date_gmt":"2023-01-29T16:19:02","guid":{"rendered":"https:\/\/karina-apartments.com\/znamenitosti\/"},"modified":"2023-05-31T18:36:46","modified_gmt":"2023-05-31T18:36:46","slug":"znamenitosti","status":"publish","type":"page","link":"https:\/\/karina-apartments.com\/hr\/znamenitosti\/","title":{"rendered":"Znamenitosti"},"content":{"rendered":"\t\t<div data-elementor-type=\"wp-page\" data-elementor-id=\"37480\" class=\"elementor elementor-37480 elementor-36554\">\n\t\t\t\t\t\t<section class=\"elementor-section elementor-top-section elementor-element elementor-element-a0e61de elementor-section-boxed elementor-section-height-default elementor-section-height-default\" data-id=\"a0e61de\" data-element_type=\"section\" data-e-type=\"section\">\n\t\t\t\t\t\t<div class=\"elementor-container elementor-column-gap-no\">\n\t\t\t\t\t<div class=\"elementor-column elementor-col-100 elementor-top-column elementor-element elementor-element-27861ea\" data-id=\"27861ea\" data-element_type=\"column\" data-e-type=\"column\">\n\t\t\t<div class=\"elementor-widget-wrap elementor-element-populated\">\n\t\t\t\t\t\t<div class=\"elementor-element elementor-element-80bacb8 elementor-invisible elementor-widget elementor-widget-heading\" data-id=\"80bacb8\" data-element_type=\"widget\" data-e-type=\"widget\" data-settings=\"{&quot;_animation&quot;:&quot;fadeIn&quot;,&quot;_animation_delay&quot;:200}\" data-widget_type=\"heading.default\">\n\t\t\t\t<div class=\"elementor-widget-container\">\n\t\t\t\t\t<h2 class=\"elementor-heading-title elementor-size-default\">Razgledavanje<\/h2>\t\t\t\t<\/div>\n\t\t\t\t<\/div>\n\t\t\t\t<div class=\"elementor-element elementor-element-cbb156d elementor-widget elementor-widget-text-editor\" data-id=\"cbb156d\" data-element_type=\"widget\" data-e-type=\"widget\" data-widget_type=\"text-editor.default\">\n\t\t\t\t<div class=\"elementor-widget-container\">\n\t\t\t\t\t\t\t\t\tOtok Bra\u010d u Hrvatskoj poznat je po dvije stvari: po bijelom kamenu i pla\u017ei Zlatni rat. Bra\u010dki bijeli kamen kori\u0161ten je za izgradnju Dioklecijanove pala\u010de u Splitu i Bijele ku\u0107e u Washingtonu. Ali ono najbolje: Bra\u010d, s vi\u0161e od 2700 sun\u010danih sati godi\u0161nje, jedno je od najsun\u010danijih podru\u010dja u Hrvatskoj. Bra\u010d je popularan me\u0111u ljubiteljima sun\u010danja, ali i izletnicima u potrazi za prirodom. Zlatno\u017eute pla\u017ee, bistro plavo more i ugodna mediteranska klima \u010dine otok pogodnim za ljubitelje pla\u017ea.\n\t\t\t\t\t\t\t\t<\/div>\n\t\t\t\t<\/div>\n\t\t\t\t\t<\/div>\n\t\t<\/div>\n\t\t\t\t\t<\/div>\n\t\t<\/section>\n\t\t\t\t<section class=\"elementor-section elementor-top-section elementor-element elementor-element-b76aeeb elementor-section-boxed elementor-section-height-default elementor-section-height-default\" data-id=\"b76aeeb\" data-element_type=\"section\" data-e-type=\"section\" data-settings=\"{&quot;background_background&quot;:&quot;classic&quot;}\">\n\t\t\t\t\t\t<div class=\"elementor-container elementor-column-gap-no\">\n\t\t\t\t\t<div class=\"elementor-column elementor-col-50 elementor-top-column elementor-element elementor-element-741f275 elementor-invisible\" data-id=\"741f275\" data-element_type=\"column\" data-e-type=\"column\" data-settings=\"{&quot;animation&quot;:&quot;fadeIn&quot;,&quot;animation_delay&quot;:200}\">\n\t\t\t<div class=\"elementor-widget-wrap elementor-element-populated\">\n\t\t\t\t\t\t<div class=\"elementor-element elementor-element-c525a80 elementor-widget elementor-widget-image\" data-id=\"c525a80\" data-element_type=\"widget\" data-e-type=\"widget\" data-widget_type=\"image.default\">\n\t\t\t\t<div class=\"elementor-widget-container\">\n\t\t\t\t\t\t\t\t\t\t\t\t\t\t\t<img fetchpriority=\"high\" decoding=\"async\" width=\"418\" height=\"278\" src=\"https:\/\/karina-apartments.com\/wp-content\/uploads\/2023\/03\/Zlatni-Rat-Strand-hoofdstuk-omgeving.jpg\" class=\"attachment-large size-large wp-image-38069\" alt=\"\" srcset=\"https:\/\/karina-apartments.com\/wp-content\/uploads\/2023\/03\/Zlatni-Rat-Strand-hoofdstuk-omgeving.jpg 418w, https:\/\/karina-apartments.com\/wp-content\/uploads\/2023\/03\/Zlatni-Rat-Strand-hoofdstuk-omgeving-300x200.jpg 300w, https:\/\/karina-apartments.com\/wp-content\/uploads\/2023\/03\/Zlatni-Rat-Strand-hoofdstuk-omgeving-240x160.jpg 240w\" sizes=\"(max-width: 418px) 100vw, 418px\" \/>\t\t\t\t\t\t\t\t\t\t\t\t\t\t\t<\/div>\n\t\t\t\t<\/div>\n\t\t\t\t\t<\/div>\n\t\t<\/div>\n\t\t\t\t<div class=\"elementor-column elementor-col-50 elementor-top-column elementor-element elementor-element-d6a54d1 elementor-invisible\" data-id=\"d6a54d1\" data-element_type=\"column\" data-e-type=\"column\" data-settings=\"{&quot;animation&quot;:&quot;fadeIn&quot;,&quot;animation_delay&quot;:500}\">\n\t\t\t<div class=\"elementor-widget-wrap elementor-element-populated\">\n\t\t\t\t\t\t<div class=\"elementor-element elementor-element-eb6803c elementor-widget elementor-widget-heading\" data-id=\"eb6803c\" data-element_type=\"widget\" data-e-type=\"widget\" data-widget_type=\"heading.default\">\n\t\t\t\t<div class=\"elementor-widget-container\">\n\t\t\t\t\t<h1 class=\"elementor-heading-title elementor-size-default\">Pla\u017ea Zlatni rat\n<\/h1>\t\t\t\t<\/div>\n\t\t\t\t<\/div>\n\t\t\t\t<div class=\"elementor-element elementor-element-91e03f1 elementor-widget elementor-widget-heading\" data-id=\"91e03f1\" data-element_type=\"widget\" data-e-type=\"widget\" data-widget_type=\"heading.default\">\n\t\t\t\t<div class=\"elementor-widget-container\">\n\t\t\t\t\t<p class=\"elementor-heading-title elementor-size-default\">Najve\u0107a atrakcija otoka je svakako vrlo lijepa pla\u017ea Zlatni rat u blizini Bola. Pla\u017ea te\u010de u nekakvoj suzi, s komadi\u0107em \u0161ume u sredini. S obje strane \u0161ume prona\u0107i \u0107ete pojas pla\u017ee, tako da mo\u017eete izmjenjivati hladovinu i sunce.\n<\/p>\t\t\t\t<\/div>\n\t\t\t\t<\/div>\n\t\t\t\t\t<\/div>\n\t\t<\/div>\n\t\t\t\t\t<\/div>\n\t\t<\/section>\n\t\t\t\t<section class=\"elementor-section elementor-top-section elementor-element elementor-element-0e943d3 elementor-section-boxed elementor-section-height-default elementor-section-height-default\" data-id=\"0e943d3\" data-element_type=\"section\" data-e-type=\"section\" data-settings=\"{&quot;background_background&quot;:&quot;classic&quot;}\">\n\t\t\t\t\t\t<div class=\"elementor-container elementor-column-gap-no\">\n\t\t\t\t\t<div class=\"elementor-column elementor-col-50 elementor-top-column elementor-element elementor-element-57145e0 elementor-invisible\" data-id=\"57145e0\" data-element_type=\"column\" data-e-type=\"column\" data-settings=\"{&quot;animation&quot;:&quot;fadeIn&quot;,&quot;animation_delay&quot;:200}\">\n\t\t\t<div class=\"elementor-widget-wrap elementor-element-populated\">\n\t\t\t\t\t\t<div class=\"elementor-element elementor-element-80e37fb elementor-widget elementor-widget-image\" data-id=\"80e37fb\" data-element_type=\"widget\" data-e-type=\"widget\" data-widget_type=\"image.default\">\n\t\t\t\t<div class=\"elementor-widget-container\">\n\t\t\t\t\t\t\t\t\t\t\t\t\t\t\t<img decoding=\"async\" src=\"https:\/\/karina-apartments.com\/wp-content\/uploads\/elementor\/thumbs\/Vidova-Gora\u200b-q1dvaq18aleg6hloimiwf8ccoaxpc6z5bji6sshvfk.jpg\" title=\"Vidova Gora\u200b\" alt=\"Vidova Gora\u200b\" loading=\"lazy\" \/>\t\t\t\t\t\t\t\t\t\t\t\t\t\t\t<\/div>\n\t\t\t\t<\/div>\n\t\t\t\t\t<\/div>\n\t\t<\/div>\n\t\t\t\t<div class=\"elementor-column elementor-col-50 elementor-top-column elementor-element elementor-element-07c0928 elementor-invisible\" data-id=\"07c0928\" data-element_type=\"column\" data-e-type=\"column\" data-settings=\"{&quot;animation&quot;:&quot;fadeIn&quot;,&quot;animation_delay&quot;:500}\">\n\t\t\t<div class=\"elementor-widget-wrap elementor-element-populated\">\n\t\t\t\t\t\t<div class=\"elementor-element elementor-element-1d2f48b elementor-widget elementor-widget-heading\" data-id=\"1d2f48b\" data-element_type=\"widget\" data-e-type=\"widget\" data-widget_type=\"heading.default\">\n\t\t\t\t<div class=\"elementor-widget-container\">\n\t\t\t\t\t<h2 class=\"elementor-heading-title elementor-size-default\">Zmajeva \u0161pilja\n<\/h2>\t\t\t\t<\/div>\n\t\t\t\t<\/div>\n\t\t\t\t<div class=\"elementor-element elementor-element-bf3b37c elementor-widget elementor-widget-heading\" data-id=\"bf3b37c\" data-element_type=\"widget\" data-e-type=\"widget\" data-widget_type=\"heading.default\">\n\t\t\t\t<div class=\"elementor-widget-container\">\n\t\t\t\t\t<p class=\"elementor-heading-title elementor-size-default\">Murvica je jedno od najmanjih mjesta na otoku Bra\u010du i nalazi se nedaleko od prekrasne pje\u0161\u010dane pla\u017ee Bol. Selo datira iz tre\u0107eg stolje\u0107a, au petnaestom i \u0161esnaestom stolje\u0107u redovnici su \u017eivjeli u samostanima i \u0161piljama iznad sela. Jedna od tih \u0161pilja je Zmajeva \u0161pilja, Zmajeva \u0161pilja. Pastirskom stazom penjete se do vrha odakle se pru\u017ea ne samo prekrasan pogled na Bra\u010d i obalu, ve\u0107 i sama \u0161pilja. Redovnik koji je ovdje \u017eivio isklesao je u stijenama zmaja i druge posebne reljefe. Tako\u0111er mo\u017eete vidjeti ostatke male kapele i rezidencije redovnika koji su ovdje nekada \u017eivjeli.\n<\/p>\t\t\t\t<\/div>\n\t\t\t\t<\/div>\n\t\t\t\t\t<\/div>\n\t\t<\/div>\n\t\t\t\t\t<\/div>\n\t\t<\/section>\n\t\t\t\t<section class=\"elementor-section elementor-top-section elementor-element elementor-element-069eed0 elementor-section-boxed elementor-section-height-default elementor-section-height-default\" data-id=\"069eed0\" data-element_type=\"section\" data-e-type=\"section\" data-settings=\"{&quot;background_background&quot;:&quot;classic&quot;}\">\n\t\t\t\t\t\t<div class=\"elementor-container elementor-column-gap-no\">\n\t\t\t\t\t<div class=\"elementor-column elementor-col-50 elementor-top-column elementor-element elementor-element-112e5db elementor-invisible\" data-id=\"112e5db\" data-element_type=\"column\" data-e-type=\"column\" data-settings=\"{&quot;animation&quot;:&quot;fadeIn&quot;,&quot;animation_delay&quot;:200}\">\n\t\t\t<div class=\"elementor-widget-wrap elementor-element-populated\">\n\t\t\t\t\t\t<div class=\"elementor-element elementor-element-4a622ab elementor-widget elementor-widget-image\" data-id=\"4a622ab\" data-element_type=\"widget\" data-e-type=\"widget\" data-widget_type=\"image.default\">\n\t\t\t\t<div class=\"elementor-widget-container\">\n\t\t\t\t\t\t\t\t\t\t\t\t\t\t\t<img decoding=\"async\" src=\"https:\/\/karina-apartments.com\/wp-content\/uploads\/elementor\/thumbs\/Vidova-Gora-hoofdstuk-omgeving-q2zkbs6ioe2zmbk7d6wyi0dqt21jdxu8ntpvmzqhcw.jpg\" title=\"Vidova Gora hoofdstuk omgeving\" alt=\"Vidova Gora hoofdstuk omgeving\" loading=\"lazy\" \/>\t\t\t\t\t\t\t\t\t\t\t\t\t\t\t<\/div>\n\t\t\t\t<\/div>\n\t\t\t\t\t<\/div>\n\t\t<\/div>\n\t\t\t\t<div class=\"elementor-column elementor-col-50 elementor-top-column elementor-element elementor-element-0dc37ee elementor-invisible\" data-id=\"0dc37ee\" data-element_type=\"column\" data-e-type=\"column\" data-settings=\"{&quot;animation&quot;:&quot;fadeIn&quot;,&quot;animation_delay&quot;:500}\">\n\t\t\t<div class=\"elementor-widget-wrap elementor-element-populated\">\n\t\t\t\t\t\t<div class=\"elementor-element elementor-element-4aa492e elementor-widget elementor-widget-heading\" data-id=\"4aa492e\" data-element_type=\"widget\" data-e-type=\"widget\" data-widget_type=\"heading.default\">\n\t\t\t\t<div class=\"elementor-widget-container\">\n\t\t\t\t\t<h2 class=\"elementor-heading-title elementor-size-default\">Vidova Gora<\/h2>\t\t\t\t<\/div>\n\t\t\t\t<\/div>\n\t\t\t\t<div class=\"elementor-element elementor-element-62a5ae4 elementor-widget elementor-widget-heading\" data-id=\"62a5ae4\" data-element_type=\"widget\" data-e-type=\"widget\" data-widget_type=\"heading.default\">\n\t\t\t\t<div class=\"elementor-widget-container\">\n\t\t\t\t\t<p class=\"elementor-heading-title elementor-size-default\">Vidova gora je planina na otoku Bra\u010du u srednjoj Dalmaciji. S visinom od 778 metara najvi\u0161a je kota na Jadranu. Planina se nalazi na ju\u017enom dijelu otoka, nedaleko od grada Bola. Ostali dalmatinski otoci u regiji mogu se vidjeti s vrha, uklju\u010duju\u0107i i Hvar. Pogled oduzima dah. Uspon na planinu obi\u010dno se odvija iz turisti\u010dkog mjesta Bol. Sa sjeverne strane vodi cesta kojom se do vrha mo\u017ee do\u0107i i vozilima.\n<\/p>\t\t\t\t<\/div>\n\t\t\t\t<\/div>\n\t\t\t\t\t<\/div>\n\t\t<\/div>\n\t\t\t\t\t<\/div>\n\t\t<\/section>\n\t\t\t\t<section class=\"elementor-section elementor-top-section elementor-element elementor-element-18c3118 elementor-section-boxed elementor-section-height-default elementor-section-height-default\" data-id=\"18c3118\" data-element_type=\"section\" data-e-type=\"section\" data-settings=\"{&quot;background_background&quot;:&quot;classic&quot;}\">\n\t\t\t\t\t\t<div class=\"elementor-container elementor-column-gap-no\">\n\t\t\t\t\t<div class=\"elementor-column elementor-col-50 elementor-top-column elementor-element elementor-element-7383961 elementor-invisible\" data-id=\"7383961\" data-element_type=\"column\" data-e-type=\"column\" data-settings=\"{&quot;animation&quot;:&quot;fadeIn&quot;,&quot;animation_delay&quot;:200}\">\n\t\t\t<div class=\"elementor-widget-wrap elementor-element-populated\">\n\t\t\t\t\t\t<div class=\"elementor-element elementor-element-bb07fba elementor-widget elementor-widget-image\" data-id=\"bb07fba\" data-element_type=\"widget\" data-e-type=\"widget\" data-widget_type=\"image.default\">\n\t\t\t\t<div class=\"elementor-widget-container\">\n\t\t\t\t\t\t\t\t\t\t\t\t\t\t\t<img decoding=\"async\" src=\"https:\/\/karina-apartments.com\/wp-content\/uploads\/elementor\/thumbs\/auto-tour-q1dvan7pq3al7nprz3b0pr1yw5blp3nyb5jqcym1y8.jpg\" title=\"auto tour\" alt=\"auto tour\" loading=\"lazy\" \/>\t\t\t\t\t\t\t\t\t\t\t\t\t\t\t<\/div>\n\t\t\t\t<\/div>\n\t\t\t\t\t<\/div>\n\t\t<\/div>\n\t\t\t\t<div class=\"elementor-column elementor-col-50 elementor-top-column elementor-element elementor-element-f3ca44e elementor-invisible\" data-id=\"f3ca44e\" data-element_type=\"column\" data-e-type=\"column\" data-settings=\"{&quot;animation&quot;:&quot;fadeIn&quot;,&quot;animation_delay&quot;:500}\">\n\t\t\t<div class=\"elementor-widget-wrap elementor-element-populated\">\n\t\t\t\t\t\t<div class=\"elementor-element elementor-element-a9877d4 elementor-widget elementor-widget-heading\" data-id=\"a9877d4\" data-element_type=\"widget\" data-e-type=\"widget\" data-widget_type=\"heading.default\">\n\t\t\t\t<div class=\"elementor-widget-container\">\n\t\t\t\t\t<h2 class=\"elementor-heading-title elementor-size-default\">Obilazak automobilom\n<\/h2>\t\t\t\t<\/div>\n\t\t\t\t<\/div>\n\t\t\t\t<div class=\"elementor-element elementor-element-3b9144d elementor-widget elementor-widget-heading\" data-id=\"3b9144d\" data-element_type=\"widget\" data-e-type=\"widget\" data-widget_type=\"heading.default\">\n\t\t\t\t<div class=\"elementor-widget-container\">\n\t\t\t\t\t<p class=\"elementor-heading-title elementor-size-default\">Obilazak otoka jedna je od najugodnijih stvari. Otok je malen, upravljiv i ima dosta lijepih stajali\u0161ta. Istra\u017eivanje bra\u010dkih kamenih sela prekrasno je iskustvo. Otok ima niz malih sela u kojima kao da je vrijeme stalo. Niz lijepih mjesta: Supetar, Bol, Sutivan, Milna, Splitska, Postira i staro spomeni\u010dko naselje \u0160krip.\n<\/p>\t\t\t\t<\/div>\n\t\t\t\t<\/div>\n\t\t\t\t\t<\/div>\n\t\t<\/div>\n\t\t\t\t\t<\/div>\n\t\t<\/section>\n\t\t\t\t<section class=\"elementor-section elementor-top-section elementor-element elementor-element-c32c7a6 elementor-section-boxed elementor-section-height-default elementor-section-height-default\" data-id=\"c32c7a6\" data-element_type=\"section\" data-e-type=\"section\" data-settings=\"{&quot;background_background&quot;:&quot;classic&quot;}\">\n\t\t\t\t\t\t<div class=\"elementor-container elementor-column-gap-no\">\n\t\t\t\t\t<div class=\"elementor-column elementor-col-50 elementor-top-column elementor-element elementor-element-419b233 elementor-invisible\" data-id=\"419b233\" data-element_type=\"column\" data-e-type=\"column\" data-settings=\"{&quot;animation&quot;:&quot;fadeIn&quot;,&quot;animation_delay&quot;:200}\">\n\t\t\t<div class=\"elementor-widget-wrap elementor-element-populated\">\n\t\t\t\t\t\t<div class=\"elementor-element elementor-element-2c804f5 elementor-widget elementor-widget-image\" data-id=\"2c804f5\" data-element_type=\"widget\" data-e-type=\"widget\" data-widget_type=\"image.default\">\n\t\t\t\t<div class=\"elementor-widget-container\">\n\t\t\t\t\t\t\t\t\t\t\t\t\t\t\t<img decoding=\"async\" src=\"https:\/\/karina-apartments.com\/wp-content\/uploads\/elementor\/thumbs\/Foto-hoofdstuk-omgeving-een-dagtrip-naar-het-vasteland-q2zjcuigo29c42b1d3a4ttqzzi8fax5duwu7irj8m8.jpg\" title=\"Foto hoofdstuk omgeving &#8216;een dagtrip naar het vasteland&#8217;\" alt=\"Foto hoofdstuk omgeving &#039;een dagtrip naar het vasteland&#039;\" loading=\"lazy\" \/>\t\t\t\t\t\t\t\t\t\t\t\t\t\t\t<\/div>\n\t\t\t\t<\/div>\n\t\t\t\t\t<\/div>\n\t\t<\/div>\n\t\t\t\t<div class=\"elementor-column elementor-col-50 elementor-top-column elementor-element elementor-element-e09134d elementor-invisible\" data-id=\"e09134d\" data-element_type=\"column\" data-e-type=\"column\" data-settings=\"{&quot;animation&quot;:&quot;fadeIn&quot;,&quot;animation_delay&quot;:500}\">\n\t\t\t<div class=\"elementor-widget-wrap elementor-element-populated\">\n\t\t\t\t\t\t<div class=\"elementor-element elementor-element-a79b854 elementor-widget elementor-widget-heading\" data-id=\"a79b854\" data-element_type=\"widget\" data-e-type=\"widget\" data-widget_type=\"heading.default\">\n\t\t\t\t<div class=\"elementor-widget-container\">\n\t\t\t\t\t<h2 class=\"elementor-heading-title elementor-size-default\">Jednodnevni izlet na kopno\n<\/h2>\t\t\t\t<\/div>\n\t\t\t\t<\/div>\n\t\t\t\t<div class=\"elementor-element elementor-element-e1c5314 elementor-widget elementor-widget-heading\" data-id=\"e1c5314\" data-element_type=\"widget\" data-e-type=\"widget\" data-widget_type=\"heading.default\">\n\t\t\t\t<div class=\"elementor-widget-container\">\n\t\t\t\t\t<p class=\"elementor-heading-title elementor-size-default\">S trajektom se vra\u0107ate na kopno u Splitu za 50 minuta. Split je najve\u0107i i najva\u017eniji grad u Dalmaciji. Lu\u010dki grad smje\u0161ten je na malom poluotoku u Jadranskom moru. \u017delite dan za kupovinu? Onda se isplati posjetiti ovaj stari grad.\n<\/p>\t\t\t\t<\/div>\n\t\t\t\t<\/div>\n\t\t\t\t\t<\/div>\n\t\t<\/div>\n\t\t\t\t\t<\/div>\n\t\t<\/section>\n\t\t\t\t<section class=\"elementor-section elementor-top-section elementor-element elementor-element-787603e elementor-section-boxed elementor-section-height-default elementor-section-height-default\" data-id=\"787603e\" data-element_type=\"section\" data-e-type=\"section\" data-settings=\"{&quot;background_background&quot;:&quot;classic&quot;}\">\n\t\t\t\t\t\t<div class=\"elementor-container elementor-column-gap-no\">\n\t\t\t\t\t<div class=\"elementor-column elementor-col-50 elementor-top-column elementor-element elementor-element-e0f17de elementor-invisible\" data-id=\"e0f17de\" data-element_type=\"column\" data-e-type=\"column\" data-settings=\"{&quot;animation&quot;:&quot;fadeIn&quot;,&quot;animation_delay&quot;:200}\">\n\t\t\t<div class=\"elementor-widget-wrap elementor-element-populated\">\n\t\t\t\t\t\t<div class=\"elementor-element elementor-element-7b0a83c elementor-widget elementor-widget-image\" data-id=\"7b0a83c\" data-element_type=\"widget\" data-e-type=\"widget\" data-widget_type=\"image.default\">\n\t\t\t\t<div class=\"elementor-widget-container\">\n\t\t\t\t\t\t\t\t\t\t\t\t\t\t\t<img decoding=\"async\" src=\"https:\/\/karina-apartments.com\/wp-content\/uploads\/elementor\/thumbs\/Hoofdstuk-omgeving-overige-activiteiten-q2zj3yxc4e3ugn79794za2ea0hzmltwnaz14cop3ds.jpg\" title=\"Hoofdstuk omgeving &#8216;overige activiteiten&#8217;\" alt=\"Hoofdstuk omgeving &#039;overige activiteiten&#039;\" loading=\"lazy\" \/>\t\t\t\t\t\t\t\t\t\t\t\t\t\t\t<\/div>\n\t\t\t\t<\/div>\n\t\t\t\t\t<\/div>\n\t\t<\/div>\n\t\t\t\t<div class=\"elementor-column elementor-col-50 elementor-top-column elementor-element elementor-element-0914dae elementor-invisible\" data-id=\"0914dae\" data-element_type=\"column\" data-e-type=\"column\" data-settings=\"{&quot;animation&quot;:&quot;fadeIn&quot;,&quot;animation_delay&quot;:500}\">\n\t\t\t<div class=\"elementor-widget-wrap elementor-element-populated\">\n\t\t\t\t\t\t<div class=\"elementor-element elementor-element-b2b141c elementor-widget elementor-widget-heading\" data-id=\"b2b141c\" data-element_type=\"widget\" data-e-type=\"widget\" data-widget_type=\"heading.default\">\n\t\t\t\t<div class=\"elementor-widget-container\">\n\t\t\t\t\t<h2 class=\"elementor-heading-title elementor-size-default\">Ostale aktivnosti\n<\/h2>\t\t\t\t<\/div>\n\t\t\t\t<\/div>\n\t\t\t\t<div class=\"elementor-element elementor-element-a142c06 elementor-widget elementor-widget-heading\" data-id=\"a142c06\" data-element_type=\"widget\" data-e-type=\"widget\" data-widget_type=\"heading.default\">\n\t\t\t\t<div class=\"elementor-widget-container\">\n\t\t\t\t\t<p class=\"elementor-heading-title elementor-size-default\">Na otoku se tako\u0111er mo\u017eete baviti brojnim sportovima na vodi, voziti buggy ili iznajmiti automobil za obilazak otoka. Postoji i mnogo izleta brodom koje mo\u017eete rezervirati za skok od otoka do otoka. Sve u svemu, izvrsno podru\u010dje s mnogo razli\u010ditih znamenitosti i aktivnosti.<br><br>\nU mjestu Selca odr\u017eava se degustacija maslinovog ulja Brachia Olive Oil Experience. U \u0160kripu se nalazi muzej maslinovog ulja koji mo\u017eete posjetiti. U Bolu se nalazi vinarija \"Stina winery bol\" gdje mo\u017eete ku\u0161ati ukusna doma\u0107a vina.\n\n<\/p>\t\t\t\t<\/div>\n\t\t\t\t<\/div>\n\t\t\t\t\t<\/div>\n\t\t<\/div>\n\t\t\t\t\t<\/div>\n\t\t<\/section>\n\t\t\t\t<\/div>\n\t\t","protected":false},"excerpt":{"rendered":"<p>Razgledavanje Otok Bra\u010d u Hrvatskoj poznat je po dvije stvari: po bijelom kamenu i pla\u017ei Zlatni rat. Bra\u010dki bijeli kamen kori\u0161ten je za izgradnju Dioklecijanove pala\u010de u Splitu i Bijele ku\u0107e u Washingtonu. Ali ono najbolje: Bra\u010d, s vi\u0161e od 2700 sun\u010danih sati godi\u0161nje, jedno je od najsun\u010danijih podru\u010dja u Hrvatskoj. Bra\u010d je popularan me\u0111u &#8230;<\/p>\n","protected":false},"author":2,"featured_media":0,"parent":0,"menu_order":0,"comment_status":"closed","ping_status":"closed","template":"","meta":{"om_disable_all_campaigns":false,"inline_featured_image":false,"_monsterinsights_skip_tracking":false,"_monsterinsights_sitenote_active":false,"_monsterinsights_sitenote_note":"","_monsterinsights_sitenote_category":0,"footnotes":""},"class_list":["post-37480","page","type-page","status-publish","hentry"],"_links":{"self":[{"href":"https:\/\/karina-apartments.com\/hr\/wp-json\/wp\/v2\/pages\/37480","targetHints":{"allow":["GET"]}}],"collection":[{"href":"https:\/\/karina-apartments.com\/hr\/wp-json\/wp\/v2\/pages"}],"about":[{"href":"https:\/\/karina-apartments.com\/hr\/wp-json\/wp\/v2\/types\/page"}],"author":[{"embeddable":true,"href":"https:\/\/karina-apartments.com\/hr\/wp-json\/wp\/v2\/users\/2"}],"replies":[{"embeddable":true,"href":"https:\/\/karina-apartments.com\/hr\/wp-json\/wp\/v2\/comments?post=37480"}],"version-history":[{"count":16,"href":"https:\/\/karina-apartments.com\/hr\/wp-json\/wp\/v2\/pages\/37480\/revisions"}],"predecessor-version":[{"id":39336,"href":"https:\/\/karina-apartments.com\/hr\/wp-json\/wp\/v2\/pages\/37480\/revisions\/39336"}],"wp:attachment":[{"href":"https:\/\/karina-apartments.com\/hr\/wp-json\/wp\/v2\/media?parent=37480"}],"curies":[{"name":"wp","href":"https:\/\/api.w.org\/{rel}","templated":true}]}}