{"id":37433,"date":"2015-04-23T12:57:21","date_gmt":"2015-04-23T12:57:21","guid":{"rendered":"https:\/\/karina-apartments.com\/odredbe-i-uvjeti\/"},"modified":"2023-02-25T20:47:32","modified_gmt":"2023-02-25T20:47:32","slug":"odredbe-i-uvjeti","status":"publish","type":"page","link":"https:\/\/karina-apartments.com\/hr\/odredbe-i-uvjeti\/","title":{"rendered":"Odredbe i uvjeti"},"content":{"rendered":"<p>Ova Pravila o privatnosti reguliraju na\u010din na koji Real Estate WordPress Theme prikuplja, koristi, odr\u017eava i otkriva podatke prikupljene od korisnika (svaki, &#8220;Korisnik&#8221;) web stranice http:\/\/wprentals.org\/ (&#8220;Site&#8221;). Ova se politika privatnosti odnosi na stranicu i sve proizvode i usluge koje nudi Real Estate WordPress Theme.<\/p>\n<p><b>Osobni identifikacijski podaci<\/b><\/p>\n<p>Mo\u017eemo prikupiti osobne identifikacijske podatke od Korisnika na razne na\u010dine u vezi s aktivnostima, uslugama, zna\u010dajkama ili resursima koje stavljamo na raspolaganje na na\u0161oj stranici. Korisnici mogu posjetiti na\u0161u stranicu anonimno. Prikupit \u0107emo osobne identifikacijske podatke od Korisnika samo ako nam dobrovoljno dostave takve podatke. Korisnici uvijek mogu odbiti dati osobne podatke za identifikaciju, osim ako ih to mo\u017ee sprije\u010diti da se uklju\u010de u odre\u0111ene aktivnosti vezane uz Stranicu.<\/p>\n<p><b>Neosobne identifikacijske informacije<\/b><\/p>\n<p>Mo\u017eemo prikupljati neosobne identifikacijske informacije o korisnicima kad god stupaju u interakciju s na\u0161om stranicom. Neosobne identifikacijske informacije mogu uklju\u010divati naziv preglednika, vrstu ra\u010dunala i tehni\u010dke informacije o na\u010dinima povezivanja korisnika s na\u0161om Stranicom, kao \u0161to su operativni sustav i kori\u0161teni pru\u017eatelji internetskih usluga i druge sli\u010dne informacije.<\/p>\n<p><b>Kola\u010di\u0107i web preglednika<\/b><\/p>\n<p>Na\u0161a stranica mo\u017ee koristiti &#8220;kola\u010di\u0107e&#8221; za pobolj\u0161anje korisni\u010dkog iskustva. Web preglednik korisnika postavlja kola\u010di\u0107e na njihov tvrdi disk u svrhu vo\u0111enja evidencije, a ponekad i radi pra\u0107enja informacija o njima. Korisnik mo\u017ee izabrati postaviti svoj web preglednik da odbije kola\u010di\u0107e ili da vas upozori kada se kola\u010di\u0107i \u0161alju. Ako to u\u010dine, imajte na umu da neki dijelovi stranice mo\u017eda ne\u0107e ispravno funkcionirati.<\/p>\n<p><b>Kako \u0161titimo va\u0161e podatke<\/b><\/p>\n<p>Usvajamo odgovaraju\u0107e postupke prikupljanja, pohranjivanja i obrade podataka i sigurnosne mjere za za\u0161titu od neovla\u0161tenog pristupa, izmjene, otkrivanja ili uni\u0161tavanja va\u0161ih osobnih podataka, korisni\u010dkog imena, lozinke, informacija o transakcijama i podataka pohranjenih na na\u0161oj stranici.<\/p>\n<p><b>Dijeljenje va\u0161ih osobnih podataka<\/b><\/p>\n<p>Ne prodajemo, ne trgujemo niti iznajmljujemo osobne identifikacijske podatke korisnika drugima. Mo\u017eemo dijeliti generi\u010dke skupne demografske podatke koji nisu povezani s osobnim identifikacijskim podacima koji se ti\u010du posjetitelja i korisnika s na\u0161im poslovnim partnerima, pouzdanim podru\u017enicama i ogla\u0161iva\u010dima u gore navedene svrhe.<\/p>\n<p><b>Promjene ove politike privatnosti<\/b><\/p>\n<p>WordPress tema za nekretnine ima diskrecijsko pravo a\u017eurirati ovu politiku privatnosti u bilo kojem trenutku. Kada to u\u010dinimo, revidirati \u0107emo a\u017eurirani datum na dnu ove stranice. Poti\u010demo korisnike da \u010desto provjeravaju ovu stranicu za bilo kakve promjene kako bi bili informirani o tome kako poma\u017eemo u za\u0161titi osobnih podataka koje prikupljamo. Prihva\u0107ate i sla\u017eete se da je va\u0161a odgovornost povremeno pregledavati ovu politiku privatnosti i biti svjesni izmjena.<\/p>\n<p><b>Va\u0161e prihva\u0107anje ovih uvjeta<\/b><\/p>\n<p>Kori\u0161tenjem ove stranice potvr\u0111ujete da prihva\u0107ate ovu politiku. Ako se ne sla\u017eete s ovom politikom, nemojte koristiti na\u0161u stranicu. Va\u0161e daljnje kori\u0161tenje stranice nakon objavljivanja izmjena ove politike smatrat \u0107e se va\u0161im prihva\u0107anjem tih promjena.<\/p>\n","protected":false},"excerpt":{"rendered":"<p>Ova Pravila o privatnosti reguliraju na\u010din na koji Real Estate WordPress Theme prikuplja, koristi, odr\u017eava i otkriva podatke prikupljene od korisnika (svaki, &#8220;Korisnik&#8221;) web stranice http:\/\/wprentals.org\/ (&#8220;Site&#8221;). Ova se politika privatnosti odnosi na stranicu i sve proizvode i usluge koje nudi Real Estate WordPress Theme. Osobni identifikacijski podaci Mo\u017eemo prikupiti osobne identifikacijske podatke od Korisnika &#8230;<\/p>\n","protected":false},"author":2,"featured_media":0,"parent":0,"menu_order":0,"comment_status":"closed","ping_status":"closed","template":"terms_conditions.php","meta":{"om_disable_all_campaigns":false,"inline_featured_image":false,"_monsterinsights_skip_tracking":false,"_monsterinsights_sitenote_active":false,"_monsterinsights_sitenote_note":"","_monsterinsights_sitenote_category":0,"footnotes":""},"class_list":["post-37433","page","type-page","status-publish","hentry"],"_links":{"self":[{"href":"https:\/\/karina-apartments.com\/hr\/wp-json\/wp\/v2\/pages\/37433","targetHints":{"allow":["GET"]}}],"collection":[{"href":"https:\/\/karina-apartments.com\/hr\/wp-json\/wp\/v2\/pages"}],"about":[{"href":"https:\/\/karina-apartments.com\/hr\/wp-json\/wp\/v2\/types\/page"}],"author":[{"embeddable":true,"href":"https:\/\/karina-apartments.com\/hr\/wp-json\/wp\/v2\/users\/2"}],"replies":[{"embeddable":true,"href":"https:\/\/karina-apartments.com\/hr\/wp-json\/wp\/v2\/comments?post=37433"}],"version-history":[{"count":1,"href":"https:\/\/karina-apartments.com\/hr\/wp-json\/wp\/v2\/pages\/37433\/revisions"}],"predecessor-version":[{"id":37435,"href":"https:\/\/karina-apartments.com\/hr\/wp-json\/wp\/v2\/pages\/37433\/revisions\/37435"}],"wp:attachment":[{"href":"https:\/\/karina-apartments.com\/hr\/wp-json\/wp\/v2\/media?parent=37433"}],"curies":[{"name":"wp","href":"https:\/\/api.w.org\/{rel}","templated":true}]}}