{"id":37440,"date":"2015-04-23T12:57:21","date_gmt":"2015-04-23T12:57:21","guid":{"rendered":"https:\/\/karina-apartments.com\/bedingungen-und-konditionen\/"},"modified":"2023-02-25T20:47:34","modified_gmt":"2023-02-25T20:47:34","slug":"bedingungen-und-konditionen","status":"publish","type":"page","link":"https:\/\/karina-apartments.com\/de\/bedingungen-und-konditionen\/","title":{"rendered":"Bedingungen und Konditionen"},"content":{"rendered":"<p>Diese Datenschutzrichtlinie regelt die Art und Weise, in der das Real Estate WordPress Theme die von den Nutzern (jeweils ein &#8222;Nutzer&#8220;) der Website http:\/\/wprentals.org\/ (&#8222;Site&#8220;) gesammelten Informationen sammelt, verwendet, pflegt und offenlegt. Diese Datenschutzrichtlinie gilt f\u00fcr die Website und alle von Real Estate WordPress Theme angebotenen Produkte und Dienstleistungen.<\/p>\n<p><b>Informationen zur pers\u00f6nlichen Identifizierung<\/b><\/p>\n<p>Wir k\u00f6nnen pers\u00f6nliche Identifikationsdaten von Benutzern auf verschiedene Weise in Verbindung mit Aktivit\u00e4ten, Diensten, Funktionen oder Ressourcen, die wir auf unserer Website zur Verf\u00fcgung stellen, sammeln. Benutzer k\u00f6nnen unsere Website anonym besuchen. Wir sammeln personenbezogene Daten von Nutzern nur dann, wenn sie uns diese Daten freiwillig zur Verf\u00fcgung stellen. Die Benutzer k\u00f6nnen sich jederzeit weigern, personenbezogene Daten zu \u00fcbermitteln, es sei denn, dies kann sie daran hindern, an bestimmten Aktivit\u00e4ten auf der Website teilzunehmen.<\/p>\n<p><b>Nicht-personenbezogene Identifikationsdaten<\/b><\/p>\n<p>Wir k\u00f6nnen nicht-personenbezogene Identifikationsdaten \u00fcber Benutzer sammeln, wenn diese mit unserer Website interagieren. Zu den nicht personenbezogenen Identifizierungsdaten geh\u00f6ren der Name des Browsers, die Art des Computers und technische Informationen \u00fcber die Art der Verbindung des Nutzers mit unserer Website, wie z. B. das Betriebssystem und der genutzte Internetdienstanbieter, sowie andere \u00e4hnliche Informationen.<\/p>\n<p><b>Webbrowser-Cookies<\/b><\/p>\n<p>Unsere Website kann &#8222;Cookies&#8220; verwenden, um die Benutzererfahrung zu verbessern. Der Webbrowser des Nutzers legt Cookies auf seiner Festplatte ab, um Daten zu speichern und manchmal auch, um Informationen \u00fcber den Nutzer zu verfolgen. Die Nutzer k\u00f6nnen ihren Webbrowser so einstellen, dass er Cookies ablehnt oder sie warnt, wenn Cookies gesendet werden. In diesem Fall ist zu beachten, dass einige Teile der Website m\u00f6glicherweise nicht ordnungsgem\u00e4\u00df funktionieren.<\/p>\n<p><b>Wie wir Ihre Informationen sch\u00fctzen<\/b><\/p>\n<p>Wir wenden angemessene Verfahren zur Datenerfassung, -speicherung und -verarbeitung sowie Sicherheitsma\u00dfnahmen an, um Ihre pers\u00f6nlichen Daten, Ihren Benutzernamen, Ihr Passwort, Ihre Transaktionsdaten und die auf unserer Website gespeicherten Daten vor unbefugtem Zugriff, Ver\u00e4nderung, Offenlegung oder Zerst\u00f6rung zu sch\u00fctzen.<\/p>\n<p><b>Weitergabe Ihrer pers\u00f6nlichen Informationen<\/b><\/p>\n<p>Wir verkaufen, tauschen oder vermieten die pers\u00f6nlichen Daten der Benutzer nicht an andere. Wir k\u00f6nnen allgemeine, zusammengefasste demografische Daten, die nicht mit pers\u00f6nlichen Identifikationsdaten \u00fcber Besucher und Nutzer verkn\u00fcpft sind, zu den oben genannten Zwecken an unsere Gesch\u00e4ftspartner, vertrauensw\u00fcrdige Tochtergesellschaften und Werbetreibende weitergeben.<\/p>\n<p><b>\u00c4nderungen an dieser Datenschutzrichtlinie<\/b><\/p>\n<p>Real Estate WordPress Theme liegt im Ermessen, diese Datenschutzrichtlinie jederzeit zu aktualisieren. Wenn wir dies tun, werden wir das aktualisierte Datum am Ende dieser Seite \u00e4ndern. Wir ermutigen die Benutzer, diese Seite regelm\u00e4\u00dfig auf \u00c4nderungen zu \u00fcberpr\u00fcfen, um dar\u00fcber informiert zu bleiben, wie wir zum Schutz der von uns erfassten pers\u00f6nlichen Daten beitragen. Sie erkennen an und stimmen zu, dass es in Ihrer Verantwortung liegt, diese Datenschutzerkl\u00e4rung regelm\u00e4\u00dfig zu \u00fcberpr\u00fcfen und sich \u00fcber \u00c4nderungen zu informieren.<\/p>\n<p><b>Ihre Zustimmung zu diesen Bedingungen<\/b><\/p>\n<p>Durch die Nutzung dieser Website erkl\u00e4ren Sie Ihr Einverst\u00e4ndnis mit dieser Politik. Wenn Sie mit dieser Politik nicht einverstanden sind, nutzen Sie unsere Website bitte nicht. Ihre fortgesetzte Nutzung der Website nach der Ver\u00f6ffentlichung von \u00c4nderungen an dieser Richtlinie wird als Ihre Zustimmung zu diesen \u00c4nderungen angesehen.<\/p>\n","protected":false},"excerpt":{"rendered":"<p>Diese Datenschutzrichtlinie regelt die Art und Weise, in der das Real Estate WordPress Theme die von den Nutzern (jeweils ein &#8222;Nutzer&#8220;) der Website http:\/\/wprentals.org\/ (&#8222;Site&#8220;) gesammelten Informationen sammelt, verwendet, pflegt und offenlegt. Diese Datenschutzrichtlinie gilt f\u00fcr die Website und alle von Real Estate WordPress Theme angebotenen Produkte und Dienstleistungen. Informationen zur pers\u00f6nlichen Identifizierung Wir k\u00f6nnen &#8230;<\/p>\n","protected":false},"author":2,"featured_media":0,"parent":0,"menu_order":0,"comment_status":"closed","ping_status":"closed","template":"terms_conditions.php","meta":{"om_disable_all_campaigns":false,"inline_featured_image":false,"_monsterinsights_skip_tracking":false,"_monsterinsights_sitenote_active":false,"_monsterinsights_sitenote_note":"","_monsterinsights_sitenote_category":0,"footnotes":""},"class_list":["post-37440","page","type-page","status-publish","hentry"],"_links":{"self":[{"href":"https:\/\/karina-apartments.com\/de\/wp-json\/wp\/v2\/pages\/37440","targetHints":{"allow":["GET"]}}],"collection":[{"href":"https:\/\/karina-apartments.com\/de\/wp-json\/wp\/v2\/pages"}],"about":[{"href":"https:\/\/karina-apartments.com\/de\/wp-json\/wp\/v2\/types\/page"}],"author":[{"embeddable":true,"href":"https:\/\/karina-apartments.com\/de\/wp-json\/wp\/v2\/users\/2"}],"replies":[{"embeddable":true,"href":"https:\/\/karina-apartments.com\/de\/wp-json\/wp\/v2\/comments?post=37440"}],"version-history":[{"count":1,"href":"https:\/\/karina-apartments.com\/de\/wp-json\/wp\/v2\/pages\/37440\/revisions"}],"predecessor-version":[{"id":37442,"href":"https:\/\/karina-apartments.com\/de\/wp-json\/wp\/v2\/pages\/37440\/revisions\/37442"}],"wp:attachment":[{"href":"https:\/\/karina-apartments.com\/de\/wp-json\/wp\/v2\/media?parent=37440"}],"curies":[{"name":"wp","href":"https:\/\/api.w.org\/{rel}","templated":true}]}}